{"id":50,"date":"2025-12-03T13:10:54","date_gmt":"2025-12-03T19:10:54","guid":{"rendered":"https:\/\/lensworksdev.wpenginepowered.com\/?page_id=50"},"modified":"2026-01-21T11:50:33","modified_gmt":"2026-01-21T17:50:33","slug":"frames-and-lenses","status":"publish","type":"page","link":"https:\/\/lensworksoptical.com\/es\/frames-and-lenses\/","title":{"rendered":"Monturas y lentes"},"content":{"rendered":"<div class=\"et_pb_section_0 et_pb_section et_section_regular et_flex_section\">\n<div class=\"et_pb_row_0 et_pb_row et_flex_row preset--module--divi-row--default\">\n<div class=\"et_pb_column_0 et_pb_column et-last-child et_flex_column et_pb_css_mix_blend_mode_passthrough et_flex_column_24_24 et_flex_column_24_24_tablet et_flex_column_24_24_phone\">\n<div class=\"et_pb_text_0 et_pb_text et_pb_bg_layout_light et_pb_module et_flex_module preset--module--divi-text--default\"><div class=\"et_pb_text_inner\"><h1>Monturas y lentes<\/h1>\n<\/div><\/div>\n<\/div>\n<\/div>\n<\/div>\n\n<div class=\"et_pb_section_1 et_pb_section et_section_regular et_flex_section\">\n<div class=\"et_pb_row_1 et_pb_row et_flex_row preset--module--divi-row--default\">\n<div class=\"et_pb_column_1 et_pb_column et-last-child et_flex_column et_pb_css_mix_blend_mode_passthrough et_flex_column_24_24 et_flex_column_24_24_tablet et_flex_column_24_24_phone\">\n<div class=\"et_pb_text_1 et_pb_text et_pb_bg_layout_light et_pb_module et_flex_module preset--module--divi-text--default\"><div class=\"et_pb_text_inner\"><h2>ACERCA DE NUESTROS MARCOS Y LENTES PARA ANTEOJOS<\/h2>\n<\/div><\/div>\n\n<div class=\"et_pb_text_2 et_pb_text et_pb_bg_layout_light et_pb_module et_flex_module preset--module--divi-text--default\"><div class=\"et_pb_text_inner\"><p>Sabemos lo dif\u00edcil que puede ser encontrar las monturas de anteojos adecuadas y dentro de su presupuesto. Francamente, los marcos son caros en estos d\u00edas. \u00a1Pero no tiene por qu\u00e9 ser as\u00ed! Nos dimos cuenta de que, si bien hay muchos centros oftalmol\u00f3gicos diferentes, ninguno de ellos satisfac\u00eda las demandas del mercado como deber\u00eda.<\/p>\n<p>As\u00ed es como comenz\u00f3 Lensworks. Quer\u00edamos ofrecer a nuestros pacientes una amplia gama de opciones destinadas a satisfacer todos los presupuestos y estilos. Desde monturas modernas con lentes b\u00e1sicos hasta especificaciones ecl\u00e9cticas con revestimiento antirreflejos y resistente a los ara\u00f1azos, lo tenemos cubierto. Nos tomaremos el tiempo para conocerlo a usted, su estilo de vida y c\u00f3mo su carrera y actividades recreativas se ven afectadas por sus necesidades de visi\u00f3n. Utilizando t\u00e9cnicas y tecnolog\u00eda de vanguardia, lo ayudaremos a encontrar los armazones perfectos solo para usted.<\/p>\n<\/div><\/div>\n<\/div>\n<\/div>\n<\/div>\n\n<div class=\"et_pb_section_2 et_pb_section et_section_regular et_flex_section\">\n<div class=\"et_pb_row_2 et_pb_row et_flex_row preset--module--divi-row--default\">\n<div class=\"et_pb_column_2 et_pb_column et_flex_column et_pb_css_mix_blend_mode_passthrough et_flex_column_12_24 et_flex_column_12_24_tablet et_flex_column_24_24_phone\">\n<div class=\"et_pb_text_3 et_pb_text et_pb_bg_layout_light et_pb_module et_flex_module preset--module--divi-text--default\"><div class=\"et_pb_text_inner\"><h2>NUESTRAS LENTES<\/h2>\n<\/div><\/div>\n\n<div class=\"et_pb_text_4 et_pb_text et_pb_bg_layout_light et_pb_module et_flex_module preset--module--divi-text--default\"><div class=\"et_pb_text_inner\"><p style=\"text-align: left;\">Hay muchas opciones de lentes diferentes en el mercado hoy en d\u00eda, lo que puede hacer que toda la experiencia de compra de lentes sea desafiante. Si tiene alguna pregunta o no est\u00e1 seguro de qu\u00e9 lentes se adaptan mejor a sus necesidades, \u00a1pregunte! Siempre estamos aqu\u00ed para responder a sus preguntas y haremos todo lo posible para ayudarlo a encontrar el par perfecto.<\/p>\n<p style=\"text-align: left;\">Si desea obtener m\u00e1s informaci\u00f3n sobre cualquiera de los temas anteriores, comun\u00edquese con Lensworks hoy mismo para hablar con uno de los amables miembros de nuestro personal.<\/p>\n<\/div><\/div>\n<\/div>\n\n<div class=\"et_pb_column_3 et_pb_column et-last-child et_flex_column et_pb_css_mix_blend_mode_passthrough et_flex_column_12_24 et_flex_column_12_24_tablet et_flex_column_24_24_phone\">\n<div class=\"et_pb_image_0 et_pb_image et_pb_module et_flex_module\"><span class=\"et_pb_image_wrap\"><img loading=\"lazy\" decoding=\"async\" src=\"https:\/\/lensworksoptical.com\/wp-content\/uploads\/2025\/12\/Lensworks-Our-Frame-Selection.webp\" title=\"Lensworks - Our Frame Selection\" width=\"1920\" height=\"1440\" srcset=\"https:\/\/lensworks.wpenginepowered.com\/wp-content\/uploads\/2025\/12\/Lensworks-Our-Frame-Selection.webp 1920w, https:\/\/lensworks.wpenginepowered.com\/wp-content\/uploads\/2025\/12\/Lensworks-Our-Frame-Selection-1280x960.webp 1280w, https:\/\/lensworks.wpenginepowered.com\/wp-content\/uploads\/2025\/12\/Lensworks-Our-Frame-Selection-980x735.webp 980w, https:\/\/lensworks.wpenginepowered.com\/wp-content\/uploads\/2025\/12\/Lensworks-Our-Frame-Selection-480x360.webp 480w\" sizes=\"(min-width: 0px) and (max-width: 480px) 480px, (min-width: 481px) and (max-width: 980px) 980px, (min-width: 981px) and (max-width: 1280px) 1280px, (min-width: 1281px) 1920px, 100vw\" class=\"wp-image-93\" \/><\/span><\/div>\n<\/div>\n<\/div>\n\n<div class=\"et_pb_row_3 et_pb_row et_flex_row preset--module--divi-row--default\">\n<div class=\"et_pb_column_4 et_pb_column et_flex_column et_pb_css_mix_blend_mode_passthrough et_flex_column_12_24 et_flex_column_12_24_tablet et_flex_column_24_24_phone\">\n<div class=\"et_pb_image_1 et_pb_image et_pb_module et_flex_module\"><span class=\"et_pb_image_wrap\"><img loading=\"lazy\" decoding=\"async\" src=\"https:\/\/lensworksoptical.com\/wp-content\/uploads\/2025\/12\/Lensworks-What-Lenses-we-Offer.webp\" title=\"Lensworks - What Lenses we Offer\" width=\"1920\" height=\"1440\" srcset=\"https:\/\/lensworks.wpenginepowered.com\/wp-content\/uploads\/2025\/12\/Lensworks-What-Lenses-we-Offer.webp 1920w, https:\/\/lensworks.wpenginepowered.com\/wp-content\/uploads\/2025\/12\/Lensworks-What-Lenses-we-Offer-1280x960.webp 1280w, https:\/\/lensworks.wpenginepowered.com\/wp-content\/uploads\/2025\/12\/Lensworks-What-Lenses-we-Offer-980x735.webp 980w, https:\/\/lensworks.wpenginepowered.com\/wp-content\/uploads\/2025\/12\/Lensworks-What-Lenses-we-Offer-480x360.webp 480w\" sizes=\"(min-width: 0px) and (max-width: 480px) 480px, (min-width: 481px) and (max-width: 980px) 980px, (min-width: 981px) and (max-width: 1280px) 1280px, (min-width: 1281px) 1920px, 100vw\" class=\"wp-image-92\" \/><\/span><\/div>\n<\/div>\n\n<div class=\"et_pb_column_5 et_pb_column et-last-child et_flex_column et_pb_css_mix_blend_mode_passthrough et_flex_column_12_24 et_flex_column_12_24_tablet et_flex_column_24_24_phone\">\n<div class=\"et_pb_text_5 et_pb_text et_pb_bg_layout_light et_pb_module et_flex_module preset--module--divi-text--default\"><div class=\"et_pb_text_inner\"><h2>A continuaci\u00f3n, se muestran algunas de las opciones de lentes que ofrecemos:<\/h2>\n<\/div><\/div>\n\n<div class=\"et_pb_row_4 et_pb_row et_pb_row_nested et_flex_row preset--module--divi-row--default\">\n<div class=\"et_pb_column_6 et_pb_column et_flex_column et_pb_css_mix_blend_mode_passthrough et_flex_column_12_24 et_flex_column_12_24_tablet et_flex_column_24_24_phone\">\n<div class=\"et_pb_text_6 et_pb_text et_pb_bg_layout_light et_pb_module et_flex_module preset--module--divi-text--default\"><div class=\"et_pb_text_inner\"><ul>\n<li>Bi-focal y multifocal<\/li>\n<li>Protecci\u00f3n UV400<\/li>\n<li>Visi\u00f3n \u00fanica<\/li>\n<li>Lentes de transici\u00f3n<\/li>\n<li>Tintado (ofrece varios colores)<\/li>\n<li>Espejo (tambi\u00e9n en varios colores)<\/li>\n<li>Lentes de \u00edndice alto (\u00a1la lente m\u00e1s delgada del mercado!)<\/li>\n<\/ul>\n<\/div><\/div>\n<\/div>\n\n<div class=\"et_pb_column_7 et_pb_column et-last-child et_flex_column et_pb_css_mix_blend_mode_passthrough et_flex_column_12_24 et_flex_column_12_24_tablet et_flex_column_24_24_phone\">\n<div class=\"et_pb_text_7 et_pb_text et_pb_bg_layout_light et_pb_module et_flex_module preset--module--divi-text--default\"><div class=\"et_pb_text_inner\"><ul>\n<li>Lentes de policarbonato para mayor seguridad (no se romper\u00e1n, agrietar\u00e1n ni romper\u00e1n)<\/li>\n<li>Polarizado<\/li>\n<li>Antirreflejos (Crizal)<\/li>\n<li>Resistente a la niebla<\/li>\n<li>Resistente a rayones<\/li>\n<li>Lentes progresivos de canal ancho<\/li>\n<\/ul>\n<\/div><\/div>\n<\/div>\n<\/div>\n<\/div>\n<\/div>\n<\/div>\n\n<div class=\"et_pb_section_3 et_pb_section et_section_regular et_flex_section\"><div class=\"et_pb_row_5 et_pb_row et_flex_row preset--module--divi-row--default\"><div class=\"et_pb_column_8 et_pb_column et-last-child et_flex_column et_pb_css_mix_blend_mode_passthrough et_flex_column_24_24 et_flex_column_24_24_tablet et_flex_column_24_24_phone\"><div class=\"et_pb_text_8 et_pb_text et_pb_bg_layout_light et_pb_module et_flex_module preset--module--divi-text--default\"><div class=\"et_pb_text_inner\"><h2 style=\"text-align: center\">Nosotras llevamos las siguientes marcas<\/h2>\n<\/div><\/div><div class=\"et_pb_text_9 et_pb_text et_pb_bg_layout_light et_pb_module et_flex_module preset--module--divi-text--default\"><div class=\"et_pb_text_inner\"><h2 style=\"text-align: center\">We Repair The Following Brands<\/h2>\n<\/div><\/div><\/div><\/div><div class=\"et_pb_row_6 et_pb_row et_flex_row preset--module--divi-row--default\"><div class=\"et_pb_column_9 et_pb_column et_flex_column et_pb_css_mix_blend_mode_passthrough et_flex_column_6_24 et_flex_column_12_24_tablet et_flex_column_12_24_phone\"><div class=\"et_pb_image_2 et_pb_image et_pb_module et_flex_module\"><span class=\"et_pb_image_wrap\"><img loading=\"lazy\" decoding=\"async\" src=\"https:\/\/lensworksoptical.com\/wp-content\/uploads\/2025\/12\/Yves-Saint-Laurent-on-Black.png\" title=\"Yves Saint Laurent on Black\" width=\"150\" height=\"50\" srcset=\"https:\/\/lensworksoptical.com\/wp-content\/uploads\/2025\/12\/Yves-Saint-Laurent-on-Black.png 150w\" sizes=\"(max-width: 150px) 100vw, 150px\" class=\"wp-image-79\" \/><\/span><\/div><\/div><div class=\"et_pb_column_10 et_pb_column et_flex_column et_pb_css_mix_blend_mode_passthrough et_flex_column_6_24 et_flex_column_12_24_tablet et_flex_column_12_24_phone\"><div class=\"et_pb_image_3 et_pb_image et_pb_module et_flex_module\"><span class=\"et_pb_image_wrap\"><img loading=\"lazy\" decoding=\"async\" src=\"https:\/\/lensworksoptical.com\/wp-content\/uploads\/2025\/12\/Dior-on-Black.png\" title=\"Dior on Black\" width=\"150\" height=\"50\" srcset=\"https:\/\/lensworksoptical.com\/wp-content\/uploads\/2025\/12\/Dior-on-Black.png 150w\" sizes=\"(max-width: 150px) 100vw, 150px\" class=\"wp-image-74\" \/><\/span><\/div><\/div><div class=\"et_pb_column_11 et_pb_column et_flex_column et_pb_css_mix_blend_mode_passthrough et_flex_column_6_24 et_flex_column_12_24_tablet et_flex_column_12_24_phone\"><div class=\"et_pb_image_4 et_pb_image et_pb_module et_flex_module\"><span class=\"et_pb_image_wrap\"><img loading=\"lazy\" decoding=\"async\" src=\"https:\/\/lensworksoptical.com\/wp-content\/uploads\/2025\/12\/Balenciaga-on-Black.png\" title=\"Balenciaga on Black\" width=\"150\" height=\"50\" srcset=\"https:\/\/lensworksoptical.com\/wp-content\/uploads\/2025\/12\/Balenciaga-on-Black.png 150w\" sizes=\"(max-width: 150px) 100vw, 150px\" class=\"wp-image-70\" \/><\/span><\/div><\/div><div class=\"et_pb_column_12 et_pb_column et_flex_column et_pb_css_mix_blend_mode_passthrough et_flex_column_6_24 et_flex_column_12_24_tablet et_flex_column_12_24_phone\"><div class=\"et_pb_image_5 et_pb_image et_pb_module et_flex_module\"><span class=\"et_pb_image_wrap\"><img loading=\"lazy\" decoding=\"async\" src=\"https:\/\/lensworksoptical.com\/wp-content\/uploads\/2025\/12\/Alexander-McQueen-on-Black.png\" title=\"Alexander McQueen on Black\" width=\"150\" height=\"50\" srcset=\"https:\/\/lensworksoptical.com\/wp-content\/uploads\/2025\/12\/Alexander-McQueen-on-Black.png 150w\" sizes=\"(max-width: 150px) 100vw, 150px\" class=\"wp-image-112\" \/><\/span><\/div><\/div><div class=\"et_pb_column_13 et_pb_column et_flex_column et_pb_css_mix_blend_mode_passthrough et_flex_column_6_24 et_flex_column_12_24_tablet et_flex_column_12_24_phone\"><div class=\"et_pb_image_6 et_pb_image et_pb_module et_flex_module\"><span class=\"et_pb_image_wrap\"><img loading=\"lazy\" decoding=\"async\" src=\"https:\/\/lensworksoptical.com\/wp-content\/uploads\/2025\/12\/Ralph-Lauren-on-Black.png\" title=\"Ralph Lauren on Black\" width=\"150\" height=\"50\" srcset=\"https:\/\/lensworksoptical.com\/wp-content\/uploads\/2025\/12\/Ralph-Lauren-on-Black.png 150w\" sizes=\"(max-width: 150px) 100vw, 150px\" class=\"wp-image-77\" \/><\/span><\/div><\/div><div class=\"et_pb_column_14 et_pb_column et_flex_column et_pb_css_mix_blend_mode_passthrough et_flex_column_6_24 et_flex_column_12_24_tablet et_flex_column_12_24_phone\"><div class=\"et_pb_image_7 et_pb_image et_pb_module et_flex_module\"><span class=\"et_pb_image_wrap\"><img loading=\"lazy\" decoding=\"async\" src=\"https:\/\/lensworksoptical.com\/wp-content\/uploads\/2025\/12\/Burberry-on-Black.png\" title=\"Burberry on Black\" width=\"150\" height=\"50\" srcset=\"https:\/\/lensworksoptical.com\/wp-content\/uploads\/2025\/12\/Burberry-on-Black.png 150w\" sizes=\"(max-width: 150px) 100vw, 150px\" class=\"wp-image-71\" \/><\/span><\/div><\/div><div class=\"et_pb_column_15 et_pb_column et_flex_column et_pb_css_mix_blend_mode_passthrough et_flex_column_6_24 et_flex_column_12_24_tablet et_flex_column_12_24_phone\"><div class=\"et_pb_image_8 et_pb_image et_pb_module et_flex_module\"><span class=\"et_pb_image_wrap\"><img loading=\"lazy\" decoding=\"async\" src=\"https:\/\/lensworksoptical.com\/wp-content\/uploads\/2025\/12\/Cartier-on-Black.png\" title=\"Cartier on Black\" width=\"150\" height=\"50\" srcset=\"https:\/\/lensworksoptical.com\/wp-content\/uploads\/2025\/12\/Cartier-on-Black.png 150w\" sizes=\"(max-width: 150px) 100vw, 150px\" class=\"wp-image-72\" \/><\/span><\/div><\/div><div class=\"et_pb_column_16 et_pb_column et_flex_column et_pb_css_mix_blend_mode_passthrough et_flex_column_6_24 et_flex_column_12_24_tablet et_flex_column_12_24_phone\"><div class=\"et_pb_image_9 et_pb_image et_pb_module et_flex_module\"><span class=\"et_pb_image_wrap\"><img loading=\"lazy\" decoding=\"async\" src=\"https:\/\/lensworksoptical.com\/wp-content\/uploads\/2025\/12\/Michael-Kors-on-Black.png\" title=\"Michael Kors on Black\" width=\"150\" height=\"50\" srcset=\"https:\/\/lensworksoptical.com\/wp-content\/uploads\/2025\/12\/Michael-Kors-on-Black.png 150w\" sizes=\"(max-width: 150px) 100vw, 150px\" class=\"wp-image-75\" \/><\/span><\/div><\/div><div class=\"et_pb_column_17 et_pb_column et_flex_column et_pb_css_mix_blend_mode_passthrough et_flex_column_6_24 et_flex_column_12_24_tablet et_flex_column_12_24_phone\"><div class=\"et_pb_image_10 et_pb_image et_pb_module et_flex_module\"><span class=\"et_pb_image_wrap\"><img loading=\"lazy\" decoding=\"async\" src=\"https:\/\/lensworksoptical.com\/wp-content\/uploads\/2025\/12\/Puma-on-Black.png\" title=\"Puma on Black\" width=\"150\" height=\"50\" srcset=\"https:\/\/lensworksoptical.com\/wp-content\/uploads\/2025\/12\/Puma-on-Black.png 150w\" sizes=\"(max-width: 150px) 100vw, 150px\" class=\"wp-image-76\" \/><\/span><\/div><\/div><div class=\"et_pb_column_18 et_pb_column et_flex_column et_pb_css_mix_blend_mode_passthrough et_flex_column_6_24 et_flex_column_12_24_tablet et_flex_column_12_24_phone\"><div class=\"et_pb_image_11 et_pb_image et_pb_module et_flex_module\"><span class=\"et_pb_image_wrap\"><img loading=\"lazy\" decoding=\"async\" src=\"https:\/\/lensworksoptical.com\/wp-content\/uploads\/2025\/12\/Champion-on-Black.png\" title=\"Champion on Black\" width=\"150\" height=\"50\" srcset=\"https:\/\/lensworksoptical.com\/wp-content\/uploads\/2025\/12\/Champion-on-Black.png 150w\" sizes=\"(max-width: 150px) 100vw, 150px\" class=\"wp-image-73\" \/><\/span><\/div><\/div><div class=\"et_pb_column_19 et_pb_column et-last-child et_flex_column et_pb_css_mix_blend_mode_passthrough et_flex_column_6_24 et_flex_column_12_24_tablet et_flex_column_24_24_phone\"><div class=\"et_pb_image_12 et_pb_image et_pb_module et_flex_module\"><span class=\"et_pb_image_wrap\"><img loading=\"lazy\" decoding=\"async\" src=\"https:\/\/lensworksoptical.com\/wp-content\/uploads\/2025\/12\/Tiffany-Co-on-Black.png\" title=\"Tiffany &amp; Co on Black\" width=\"150\" height=\"50\" srcset=\"https:\/\/lensworksoptical.com\/wp-content\/uploads\/2025\/12\/Tiffany-Co-on-Black.png 150w\" sizes=\"(max-width: 150px) 100vw, 150px\" class=\"wp-image-78\" \/><\/span><\/div><\/div><\/div><\/div>\n\n<div class=\"et_pb_section_4 et_pb_section et_section_regular et_flex_section\"><div class=\"et_pb_row_7 et_pb_row et_flex_row preset--module--divi-row--default\"><div class=\"et_pb_column_20 et_pb_column et-last-child et_flex_column et_pb_css_mix_blend_mode_passthrough et_flex_column_24_24 et_flex_column_24_24_tablet et_flex_column_24_24_phone\"><div class=\"et_pb_text_10 et_pb_text et_pb_bg_layout_dark et_pb_module et_flex_module preset--module--divi-text--default preset--module--divi-text--lbeygdl560\"><div class=\"et_pb_text_inner\"><h2>Contacto<\/h2>\n<\/div><\/div><div class=\"et_pb_text_11 et_pb_text et_pb_bg_layout_dark et_pb_module et_flex_module preset--module--divi-text--default preset--module--divi-text--lbeygdl560\"><div class=\"et_pb_text_inner\"><p>1102 W Pioneer Pkwy<br \/>Suite 115<br \/>Grand Prairie TX. 75051<\/p>\n<p><a href=\"tel:4693491349\">(469) 349-1349<\/a><\/p>\n<\/div><\/div><\/div><\/div><\/div>","protected":false},"excerpt":{"rendered":"","protected":false},"author":3,"featured_media":82,"parent":0,"menu_order":0,"comment_status":"closed","ping_status":"closed","template":"","meta":{"footnotes":""},"class_list":["post-50","page","type-page","status-publish","has-post-thumbnail","hentry"],"yoast_head":"<!-- This site is optimized with the Yoast SEO plugin v27.4 - https:\/\/yoast.com\/product\/yoast-seo-wordpress\/ -->\n<title>Frames and Lenses - Lensworks Optical<\/title>\n<meta name=\"description\" content=\"We know how hard it can be to find the right frames. Let Lensworks Optical help you get your perfect pair, at the right budget.\" \/>\n<meta name=\"robots\" content=\"index, follow, max-snippet:-1, max-image-preview:large, max-video-preview:-1\" \/>\n<link rel=\"canonical\" href=\"https:\/\/lensworksoptical.com\/es\/frames-and-lenses\/\" \/>\n<meta property=\"og:locale\" content=\"es_MX\" \/>\n<meta property=\"og:type\" content=\"article\" \/>\n<meta property=\"og:title\" content=\"Frames and Lenses - Lensworks Optical\" \/>\n<meta property=\"og:description\" content=\"We know how hard it can be to find the right frames. Let Lensworks Optical help you get your perfect pair, at the right budget.\" \/>\n<meta property=\"og:url\" content=\"https:\/\/lensworksoptical.com\/es\/frames-and-lenses\/\" \/>\n<meta property=\"og:site_name\" content=\"Lensworks Optical\" \/>\n<meta property=\"article:modified_time\" content=\"2026-01-21T17:50:33+00:00\" \/>\n<meta property=\"og:image\" content=\"https:\/\/lensworksoptical.com\/wp-content\/uploads\/2025\/12\/Frames-and-Lens-Selection-at-Lensworks-Optical.webp\" \/>\n\t<meta property=\"og:image:width\" content=\"1920\" \/>\n\t<meta property=\"og:image:height\" content=\"960\" \/>\n\t<meta property=\"og:image:type\" content=\"image\/webp\" \/>\n<meta name=\"twitter:card\" content=\"summary_large_image\" \/>\n<meta name=\"twitter:label1\" content=\"Est. reading time\" \/>\n\t<meta name=\"twitter:data1\" content=\"1 minuto\" \/>\n<script type=\"application\/ld+json\" class=\"yoast-schema-graph\">{\"@context\":\"https:\\\/\\\/schema.org\",\"@graph\":[{\"@type\":\"WebPage\",\"@id\":\"https:\\\/\\\/lensworksoptical.com\\\/frames-and-lenses\\\/\",\"url\":\"https:\\\/\\\/lensworksoptical.com\\\/frames-and-lenses\\\/\",\"name\":\"Frames and Lenses - Lensworks Optical\",\"isPartOf\":{\"@id\":\"https:\\\/\\\/lensworksoptical.com\\\/#website\"},\"primaryImageOfPage\":{\"@id\":\"https:\\\/\\\/lensworksoptical.com\\\/frames-and-lenses\\\/#primaryimage\"},\"image\":{\"@id\":\"https:\\\/\\\/lensworksoptical.com\\\/frames-and-lenses\\\/#primaryimage\"},\"thumbnailUrl\":\"https:\\\/\\\/lensworksoptical.com\\\/wp-content\\\/uploads\\\/2025\\\/12\\\/Frames-and-Lens-Selection-at-Lensworks-Optical.webp\",\"datePublished\":\"2025-12-03T19:10:54+00:00\",\"dateModified\":\"2026-01-21T17:50:33+00:00\",\"description\":\"We know how hard it can be to find the right frames. Let Lensworks Optical help you get your perfect pair, at the right budget.\",\"breadcrumb\":{\"@id\":\"https:\\\/\\\/lensworksoptical.com\\\/frames-and-lenses\\\/#breadcrumb\"},\"inLanguage\":\"es\",\"potentialAction\":[{\"@type\":\"ReadAction\",\"target\":[\"https:\\\/\\\/lensworksoptical.com\\\/frames-and-lenses\\\/\"]}]},{\"@type\":\"ImageObject\",\"inLanguage\":\"es\",\"@id\":\"https:\\\/\\\/lensworksoptical.com\\\/frames-and-lenses\\\/#primaryimage\",\"url\":\"https:\\\/\\\/lensworksoptical.com\\\/wp-content\\\/uploads\\\/2025\\\/12\\\/Frames-and-Lens-Selection-at-Lensworks-Optical.webp\",\"contentUrl\":\"https:\\\/\\\/lensworksoptical.com\\\/wp-content\\\/uploads\\\/2025\\\/12\\\/Frames-and-Lens-Selection-at-Lensworks-Optical.webp\",\"width\":1920,\"height\":960},{\"@type\":\"BreadcrumbList\",\"@id\":\"https:\\\/\\\/lensworksoptical.com\\\/frames-and-lenses\\\/#breadcrumb\",\"itemListElement\":[{\"@type\":\"ListItem\",\"position\":1,\"name\":\"Home\",\"item\":\"https:\\\/\\\/lensworksoptical.com\\\/\"},{\"@type\":\"ListItem\",\"position\":2,\"name\":\"Frames and Lenses\"}]},{\"@type\":\"WebSite\",\"@id\":\"https:\\\/\\\/lensworksoptical.com\\\/#website\",\"url\":\"https:\\\/\\\/lensworksoptical.com\\\/\",\"name\":\"Lensworks Optical\",\"description\":\"Premier Eye Care in Grand Prairie Texas\",\"potentialAction\":[{\"@type\":\"SearchAction\",\"target\":{\"@type\":\"EntryPoint\",\"urlTemplate\":\"https:\\\/\\\/lensworksoptical.com\\\/?s={search_term_string}\"},\"query-input\":{\"@type\":\"PropertyValueSpecification\",\"valueRequired\":true,\"valueName\":\"search_term_string\"}}],\"inLanguage\":\"es\"}]}<\/script>\n<!-- \/ Yoast SEO plugin. -->","yoast_head_json":{"title":"Frames and Lenses - Lensworks Optical","description":"We know how hard it can be to find the right frames. Let Lensworks Optical help you get your perfect pair, at the right budget.","robots":{"index":"index","follow":"follow","max-snippet":"max-snippet:-1","max-image-preview":"max-image-preview:large","max-video-preview":"max-video-preview:-1"},"canonical":"https:\/\/lensworksoptical.com\/es\/frames-and-lenses\/","og_locale":"es_MX","og_type":"article","og_title":"Frames and Lenses - Lensworks Optical","og_description":"We know how hard it can be to find the right frames. Let Lensworks Optical help you get your perfect pair, at the right budget.","og_url":"https:\/\/lensworksoptical.com\/es\/frames-and-lenses\/","og_site_name":"Lensworks Optical","article_modified_time":"2026-01-21T17:50:33+00:00","og_image":[{"width":1920,"height":960,"url":"https:\/\/lensworksoptical.com\/wp-content\/uploads\/2025\/12\/Frames-and-Lens-Selection-at-Lensworks-Optical.webp","type":"image\/webp"}],"twitter_card":"summary_large_image","twitter_misc":{"Est. reading time":"1 minuto"},"schema":{"@context":"https:\/\/schema.org","@graph":[{"@type":"WebPage","@id":"https:\/\/lensworksoptical.com\/frames-and-lenses\/","url":"https:\/\/lensworksoptical.com\/frames-and-lenses\/","name":"Frames and Lenses - Lensworks Optical","isPartOf":{"@id":"https:\/\/lensworksoptical.com\/#website"},"primaryImageOfPage":{"@id":"https:\/\/lensworksoptical.com\/frames-and-lenses\/#primaryimage"},"image":{"@id":"https:\/\/lensworksoptical.com\/frames-and-lenses\/#primaryimage"},"thumbnailUrl":"https:\/\/lensworksoptical.com\/wp-content\/uploads\/2025\/12\/Frames-and-Lens-Selection-at-Lensworks-Optical.webp","datePublished":"2025-12-03T19:10:54+00:00","dateModified":"2026-01-21T17:50:33+00:00","description":"We know how hard it can be to find the right frames. Let Lensworks Optical help you get your perfect pair, at the right budget.","breadcrumb":{"@id":"https:\/\/lensworksoptical.com\/frames-and-lenses\/#breadcrumb"},"inLanguage":"es","potentialAction":[{"@type":"ReadAction","target":["https:\/\/lensworksoptical.com\/frames-and-lenses\/"]}]},{"@type":"ImageObject","inLanguage":"es","@id":"https:\/\/lensworksoptical.com\/frames-and-lenses\/#primaryimage","url":"https:\/\/lensworksoptical.com\/wp-content\/uploads\/2025\/12\/Frames-and-Lens-Selection-at-Lensworks-Optical.webp","contentUrl":"https:\/\/lensworksoptical.com\/wp-content\/uploads\/2025\/12\/Frames-and-Lens-Selection-at-Lensworks-Optical.webp","width":1920,"height":960},{"@type":"BreadcrumbList","@id":"https:\/\/lensworksoptical.com\/frames-and-lenses\/#breadcrumb","itemListElement":[{"@type":"ListItem","position":1,"name":"Home","item":"https:\/\/lensworksoptical.com\/"},{"@type":"ListItem","position":2,"name":"Frames and Lenses"}]},{"@type":"WebSite","@id":"https:\/\/lensworksoptical.com\/#website","url":"https:\/\/lensworksoptical.com\/","name":"Lensworks Optical","description":"Premier Eye Care in Grand Prairie Texas","potentialAction":[{"@type":"SearchAction","target":{"@type":"EntryPoint","urlTemplate":"https:\/\/lensworksoptical.com\/?s={search_term_string}"},"query-input":{"@type":"PropertyValueSpecification","valueRequired":true,"valueName":"search_term_string"}}],"inLanguage":"es"}]}},"_links":{"self":[{"href":"https:\/\/lensworksoptical.com\/es\/wp-json\/wp\/v2\/pages\/50","targetHints":{"allow":["GET"]}}],"collection":[{"href":"https:\/\/lensworksoptical.com\/es\/wp-json\/wp\/v2\/pages"}],"about":[{"href":"https:\/\/lensworksoptical.com\/es\/wp-json\/wp\/v2\/types\/page"}],"author":[{"embeddable":true,"href":"https:\/\/lensworksoptical.com\/es\/wp-json\/wp\/v2\/users\/3"}],"replies":[{"embeddable":true,"href":"https:\/\/lensworksoptical.com\/es\/wp-json\/wp\/v2\/comments?post=50"}],"version-history":[{"count":0,"href":"https:\/\/lensworksoptical.com\/es\/wp-json\/wp\/v2\/pages\/50\/revisions"}],"wp:featuredmedia":[{"embeddable":true,"href":"https:\/\/lensworksoptical.com\/es\/wp-json\/wp\/v2\/media\/82"}],"wp:attachment":[{"href":"https:\/\/lensworksoptical.com\/es\/wp-json\/wp\/v2\/media?parent=50"}],"curies":[{"name":"wp","href":"https:\/\/api.w.org\/{rel}","templated":true}]}}